{"id":2,"date":"2021-03-30T10:00:50","date_gmt":"2021-03-30T08:00:50","guid":{"rendered":"https:\/\/panneauxversailles.com\/?page_id=2"},"modified":"2025-07-04T10:10:37","modified_gmt":"2025-07-04T08:10:37","slug":"startseite","status":"publish","type":"page","link":"https:\/\/panneauxversailles.com\/de\/","title":{"rendered":"Startseite"},"content":{"rendered":"<div data-elementor-type=\"wp-page\" data-elementor-id=\"2\" class=\"elementor elementor-2\" data-elementor-post-type=\"page\">\n\t\t\t\t<div class=\"elementor-element elementor-element-eeb125e e-con-full e-flex e-con e-parent\" data-id=\"eeb125e\" data-element_type=\"container\" data-e-type=\"container\" data-settings=\"{&quot;background_background&quot;:&quot;classic&quot;}\">\n\t\t<div class=\"elementor-element elementor-element-d4f47db e-con-full e-flex e-con e-child\" data-id=\"d4f47db\" data-element_type=\"container\" data-e-type=\"container\" data-settings=\"{&quot;background_background&quot;:&quot;classic&quot;}\">\n\t\t\t\t<div class=\"elementor-element elementor-element-d4e195c elementor-widget elementor-widget-image\" data-id=\"d4e195c\" data-element_type=\"widget\" data-e-type=\"widget\" data-widget_type=\"image.default\">\n\t\t\t\t<div class=\"elementor-widget-container\">\n\t\t\t\t\t\t\t\t\t\t\t\t\t\t\t<img fetchpriority=\"high\" decoding=\"async\" width=\"888\" height=\"281\" src=\"https:\/\/panneauxversailles.com\/wp-content\/uploads\/logo_handmade_nl-removebg-preview.png\" class=\"attachment-large size-large wp-image-209\" alt=\",\" srcset=\"https:\/\/panneauxversailles.com\/wp-content\/uploads\/logo_handmade_nl-removebg-preview.png 888w, https:\/\/panneauxversailles.com\/wp-content\/uploads\/logo_handmade_nl-removebg-preview-225x71.png 225w, https:\/\/panneauxversailles.com\/wp-content\/uploads\/logo_handmade_nl-removebg-preview-768x243.png 768w\" sizes=\"(max-width: 888px) 100vw, 888px\" title=\"\">\t\t\t\t\t\t\t\t\t\t\t\t\t\t\t<\/div>\n\t\t\t\t<\/div>\n\t\t\t\t<div class=\"elementor-element elementor-element-836e617 elementor-widget elementor-widget-heading\" data-id=\"836e617\" data-element_type=\"widget\" data-e-type=\"widget\" data-widget_type=\"heading.default\">\n\t\t\t\t<div class=\"elementor-widget-container\">\n\t\t\t\t\t<h2 class=\"elementor-heading-title elementor-size-default\">Parquet Versailles<\/h2>\t\t\t\t<\/div>\n\t\t\t\t<\/div>\n\t\t\t\t<div class=\"elementor-element elementor-element-c8a32b7 elementor-widget elementor-widget-button\" data-id=\"c8a32b7\" data-element_type=\"widget\" data-e-type=\"widget\" data-widget_type=\"button.default\">\n\t\t\t\t<div class=\"elementor-widget-container\">\n\t\t\t\t\t\t\t\t\t<div class=\"elementor-button-wrapper\">\n\t\t\t\t\t<a class=\"elementor-button elementor-button-link elementor-size-sm elementor-animation-grow\" href=\"#scroll\">\n\t\t\t\t\t\t<span class=\"elementor-button-content-wrapper\">\n\t\t\t\t\t\t\t\t\t<span class=\"elementor-button-text\">Mehr entdecken<\/span>\n\t\t\t\t\t<\/span>\n\t\t\t\t\t<\/a>\n\t\t\t\t<\/div>\n\t\t\t\t\t\t\t\t<\/div>\n\t\t\t\t<\/div>\n\t\t\t\t<\/div>\n\t\t\t\t<\/div>\n\t\t<div class=\"elementor-element elementor-element-569bbb5 e-con-full e-flex e-con e-parent\" data-id=\"569bbb5\" data-element_type=\"container\" data-e-type=\"container\" id=\"scroll\" data-settings=\"{&quot;background_background&quot;:&quot;classic&quot;}\">\n\t\t<div class=\"elementor-element elementor-element-8394784 e-con-full e-flex e-con e-child\" data-id=\"8394784\" data-element_type=\"container\" data-e-type=\"container\">\n\t\t\t\t<div class=\"elementor-element elementor-element-eb51dbd elementor-widget elementor-widget-heading\" data-id=\"eb51dbd\" data-element_type=\"widget\" data-e-type=\"widget\" data-widget_type=\"heading.default\">\n\t\t\t\t<div class=\"elementor-widget-container\">\n\t\t\t\t\t<h2 class=\"elementor-heading-title elementor-size-default\">Dem Interieur Charakter verleihen mit einem einzigartigen Parkettboden? <\/h2>\t\t\t\t<\/div>\n\t\t\t\t<\/div>\n\t\t\t\t<div class=\"elementor-element elementor-element-1187afc elementor-widget elementor-widget-text-editor\" data-id=\"1187afc\" data-element_type=\"widget\" data-e-type=\"widget\" data-widget_type=\"text-editor.default\">\n\t\t\t\t<div class=\"elementor-widget-container\">\n\t\t\t\t\t\t\t\t\t<p><strong>Parquet Versailles ist spezialisiert auf authentisches Tafelparkett aus langlebiger franz\u00f6sischer Eiche.<\/strong><\/p><p>In unserer Werkstatt in Belgien stellen wir rustikale Parketttafeln mit einem hohen Ma\u00df an Details und Qualit\u00e4t her, die sorgf\u00e4ltig St\u00fcck f\u00fcr St\u00fcck zusammengesetzt werden. Wir tun dies von Hand und vor allem mit einer tiefen Leidenschaft f\u00fcr die Holzbearbeitung und Innenarchitektur. Das Ergebnis: ein ma\u00dfgeschneiderter Parkettboden, an dem Sie \u00fcber Generationen hinweg Freude haben werden.<\/p>\t\t\t\t\t\t\t\t<\/div>\n\t\t\t\t<\/div>\n\t\t\t\t<div class=\"elementor-element elementor-element-44e5001 elementor-widget elementor-widget-button\" data-id=\"44e5001\" data-element_type=\"widget\" data-e-type=\"widget\" data-widget_type=\"button.default\">\n\t\t\t\t<div class=\"elementor-widget-container\">\n\t\t\t\t\t\t\t\t\t<div class=\"elementor-button-wrapper\">\n\t\t\t\t\t<a class=\"elementor-button elementor-button-link elementor-size-sm elementor-animation-grow\" href=\"https:\/\/panneauxversailles.com\/de\/e-shop\/\">\n\t\t\t\t\t\t<span class=\"elementor-button-content-wrapper\">\n\t\t\t\t\t\t\t\t\t<span class=\"elementor-button-text\">Zum Webshop <\/span>\n\t\t\t\t\t<\/span>\n\t\t\t\t\t<\/a>\n\t\t\t\t<\/div>\n\t\t\t\t\t\t\t\t<\/div>\n\t\t\t\t<\/div>\n\t\t\t\t<\/div>\n\t\t<div class=\"elementor-element elementor-element-fe54fe5 e-con-full e-flex e-con e-child\" data-id=\"fe54fe5\" data-element_type=\"container\" data-e-type=\"container\" data-settings=\"{&quot;background_background&quot;:&quot;classic&quot;}\">\n\t\t\t\t<\/div>\n\t\t\t\t<\/div>\n\t\t<div class=\"elementor-element elementor-element-d17a6ad e-con-full e-flex e-con e-parent\" data-id=\"d17a6ad\" data-element_type=\"container\" data-e-type=\"container\" data-settings=\"{&quot;background_background&quot;:&quot;classic&quot;}\">\n\t\t\t\t<div class=\"elementor-element elementor-element-b4c1de1 elementor-widget elementor-widget-heading\" data-id=\"b4c1de1\" data-element_type=\"widget\" data-e-type=\"widget\" data-widget_type=\"heading.default\">\n\t\t\t\t<div class=\"elementor-widget-container\">\n\t\t\t\t\t<h2 class=\"elementor-heading-title elementor-size-default\">Eichenparkettboden im Einklang mit Ihren Wohnw\u00fcnschen? <\/h2>\t\t\t\t<\/div>\n\t\t\t\t<\/div>\n\t\t\t\t<div class=\"elementor-element elementor-element-11a44d2 elementor-widget elementor-widget-button\" data-id=\"11a44d2\" data-element_type=\"widget\" data-e-type=\"widget\" data-widget_type=\"button.default\">\n\t\t\t\t<div class=\"elementor-widget-container\">\n\t\t\t\t\t\t\t\t\t<div class=\"elementor-button-wrapper\">\n\t\t\t\t\t<a class=\"elementor-button elementor-button-link elementor-size-sm elementor-animation-grow\" href=\"https:\/\/panneauxversailles.com\/de\/e-shop\/\">\n\t\t\t\t\t\t<span class=\"elementor-button-content-wrapper\">\n\t\t\t\t\t\t\t\t\t<span class=\"elementor-button-text\">Zum Webshop <\/span>\n\t\t\t\t\t<\/span>\n\t\t\t\t\t<\/a>\n\t\t\t\t<\/div>\n\t\t\t\t\t\t\t\t<\/div>\n\t\t\t\t<\/div>\n\t\t\t\t<div class=\"elementor-element elementor-element-86a4d29 elementor-grid-3 elementor-grid-mobile-1 elementor-grid-tablet-3 elementor-products-grid elementor-wc-products elementor-widget elementor-widget-wc-categories\" data-id=\"86a4d29\" data-element_type=\"widget\" data-e-type=\"widget\" data-widget_type=\"wc-categories.default\">\n\t\t\t\t<div class=\"elementor-widget-container\">\n\t\t\t\t\t<div class=\"woocommerce columns-3\">\t\t<ul class=\"products elementor-grid columns-3 tablet-columns-2 mobile-columns-1\">\n\t\t<li class=\"product-category product first\">\n\t<a aria-label=\"Besuchen Sie die Produktkategorie Massieve Panelen\" href=\"https:\/\/panneauxversailles.com\/de\/categorie-produit\/massieve-panelen\/\" data-no-translation-aria-label=\"\"><img decoding=\"async\" src=\"https:\/\/panneauxversailles.com\/wp-content\/uploads\/1780158531.jpg\" alt=\"Solide Paneele\" width=\"225\" height=\"225\" srcset=\"https:\/\/panneauxversailles.com\/wp-content\/uploads\/1780158531.jpg 225w, https:\/\/panneauxversailles.com\/wp-content\/uploads\/1780158531-100x100.jpg 100w\" sizes=\"(max-width: 225px) 100vw, 225px\" title=\"\">\t\t<h2 class=\"woocommerce-loop-category__title\">\n\t\t\tSolide Paneele <mark class=\"count\">(8)<\/mark>\t\t<\/h2>\n\t\t<\/a><\/li>\n<li class=\"product-category product\">\n\t<a aria-label=\"Besuchen Sie die Produktkategorie Samengestelde Panelen\" href=\"https:\/\/panneauxversailles.com\/de\/categorie-produit\/samengestelde-panelen\/\" data-no-translation-aria-label=\"\"><img decoding=\"async\" src=\"https:\/\/panneauxversailles.com\/wp-content\/uploads\/1780237515.jpg\" alt=\"Komposit-Paneele\" width=\"225\" height=\"225\" srcset=\"https:\/\/panneauxversailles.com\/wp-content\/uploads\/1780237515.jpg 225w, https:\/\/panneauxversailles.com\/wp-content\/uploads\/1780237515-100x100.jpg 100w\" sizes=\"(max-width: 225px) 100vw, 225px\" title=\"\">\t\t<h2 class=\"woocommerce-loop-category__title\">\n\t\t\tKomposit-Paneele <mark class=\"count\">(10)<\/mark>\t\t<\/h2>\n\t\t<\/a><\/li>\n<li class=\"product-category product last\">\n\t<a aria-label=\"Besuchen Sie die Produktkategorie Overige\" href=\"https:\/\/panneauxversailles.com\/de\/categorie-produit\/woverige\/\" data-no-translation-aria-label=\"\"><img loading=\"lazy\" decoding=\"async\" src=\"https:\/\/panneauxversailles.com\/wp-content\/uploads\/1800701313-225x225.jpg\" alt=\"Andere\" width=\"225\" height=\"225\" srcset=\"https:\/\/panneauxversailles.com\/wp-content\/uploads\/1800701313-225x225.jpg 225w, https:\/\/panneauxversailles.com\/wp-content\/uploads\/1800701313-100x100.jpg 100w, https:\/\/panneauxversailles.com\/wp-content\/uploads\/1800701313.jpg 320w\" sizes=\"(max-width: 225px) 100vw, 225px\" title=\"\">\t\t<h2 class=\"woocommerce-loop-category__title\">\n\t\t\tAndere <mark class=\"count\">(11)<\/mark>\t\t<\/h2>\n\t\t<\/a><\/li>\n<\/ul>\n<\/div>\t\t\t\t<\/div>\n\t\t\t\t<\/div>\n\t\t\t\t<\/div>\n\t\t<div class=\"elementor-element elementor-element-9e01468 e-con-full e-flex e-con e-parent\" data-id=\"9e01468\" data-element_type=\"container\" data-e-type=\"container\" data-settings=\"{&quot;background_background&quot;:&quot;classic&quot;}\">\n\t\t<div class=\"elementor-element elementor-element-25ce969 e-con-full e-flex e-con e-child\" data-id=\"25ce969\" data-element_type=\"container\" data-e-type=\"container\" data-settings=\"{&quot;background_background&quot;:&quot;classic&quot;}\">\n\t\t\t\t<\/div>\n\t\t<div class=\"elementor-element elementor-element-aedd4cc e-con-full e-flex e-con e-child\" data-id=\"aedd4cc\" data-element_type=\"container\" data-e-type=\"container\">\n\t\t\t\t<div class=\"elementor-element elementor-element-43cc90e elementor-widget elementor-widget-heading\" data-id=\"43cc90e\" data-element_type=\"widget\" data-e-type=\"widget\" data-widget_type=\"heading.default\">\n\t\t\t\t<div class=\"elementor-widget-container\">\n\t\t\t\t\t<h2 class=\"elementor-heading-title elementor-size-default\">Parquet Versailles verbindet den Komfort eines Webshops mit einem pers\u00f6nlichen, kundenorientierten Service<\/h2>\t\t\t\t<\/div>\n\t\t\t\t<\/div>\n\t\t\t\t<div class=\"elementor-element elementor-element-2cd10d8 elementor-widget elementor-widget-text-editor\" data-id=\"2cd10d8\" data-element_type=\"widget\" data-e-type=\"widget\" data-widget_type=\"text-editor.default\">\n\t\t\t\t<div class=\"elementor-widget-container\">\n\t\t\t\t\t\t\t\t\t<p><strong>Die Sch\u00e4tzung Ihrer Bodenfl\u00e4che, eine 3D-Simulation in Funktion Ihres Raumes, Beratung \u00fcber den Detailgrad Ihrer Parketttafel, ...<\/strong> Unsere Produktexperten f\u00fchren Sie gerne durch den Kaufprozess und beraten Sie aus Erfahrung. M\u00f6chten Sie die Muster, Kontraste und Holzstrukturen aus unserem Webshop selbst erleben? Vereinbaren Sie einen Termin in unserem Lager in Lokeren, unsere Fachleute stellen Ihnen gerne die gro\u00dfe Auswahl an Parketttafeln vor.<\/p>\t\t\t\t\t\t\t\t<\/div>\n\t\t\t\t<\/div>\n\t\t\t\t<div class=\"elementor-element elementor-element-8852ab6 elementor-widget elementor-widget-button\" data-id=\"8852ab6\" data-element_type=\"widget\" data-e-type=\"widget\" data-widget_type=\"button.default\">\n\t\t\t\t<div class=\"elementor-widget-container\">\n\t\t\t\t\t\t\t\t\t<div class=\"elementor-button-wrapper\">\n\t\t\t\t\t<a class=\"elementor-button elementor-button-link elementor-size-sm elementor-animation-grow\" href=\"https:\/\/panneauxversailles.com\/de\/contact\/\">\n\t\t\t\t\t\t<span class=\"elementor-button-content-wrapper\">\n\t\t\t\t\t\t\t\t\t<span class=\"elementor-button-text\">Kontaktieren sie uns<\/span>\n\t\t\t\t\t<\/span>\n\t\t\t\t\t<\/a>\n\t\t\t\t<\/div>\n\t\t\t\t\t\t\t\t<\/div>\n\t\t\t\t<\/div>\n\t\t\t\t<\/div>\n\t\t\t\t<\/div>\n\t\t\t\t<\/div>","protected":false},"excerpt":{"rendered":"<p>Parkett Versailles Entdecken Sie mehr Verleihen Sie Ihrem Interieur Charakter mit einem einzigartigen Parkettboden? Parkett Versailles ist spezialisiert auf authentisches Tafelparkett, das...<\/p>","protected":false},"author":1,"featured_media":0,"parent":0,"menu_order":0,"comment_status":"closed","ping_status":"closed","template":"","meta":{"footnotes":""},"class_list":["post-2","page","type-page","status-publish","hentry"],"_links":{"self":[{"href":"https:\/\/panneauxversailles.com\/de\/wp-json\/wp\/v2\/pages\/2","targetHints":{"allow":["GET"]}}],"collection":[{"href":"https:\/\/panneauxversailles.com\/de\/wp-json\/wp\/v2\/pages"}],"about":[{"href":"https:\/\/panneauxversailles.com\/de\/wp-json\/wp\/v2\/types\/page"}],"author":[{"embeddable":true,"href":"https:\/\/panneauxversailles.com\/de\/wp-json\/wp\/v2\/users\/1"}],"replies":[{"embeddable":true,"href":"https:\/\/panneauxversailles.com\/de\/wp-json\/wp\/v2\/comments?post=2"}],"version-history":[{"count":125,"href":"https:\/\/panneauxversailles.com\/de\/wp-json\/wp\/v2\/pages\/2\/revisions"}],"predecessor-version":[{"id":1291,"href":"https:\/\/panneauxversailles.com\/de\/wp-json\/wp\/v2\/pages\/2\/revisions\/1291"}],"wp:attachment":[{"href":"https:\/\/panneauxversailles.com\/de\/wp-json\/wp\/v2\/media?parent=2"}],"curies":[{"name":"wp","href":"https:\/\/api.w.org\/{rel}","templated":true}]}}