{"id":2,"date":"2021-03-30T10:00:50","date_gmt":"2021-03-30T08:00:50","guid":{"rendered":"https:\/\/panneauxversailles.com\/?page_id=2"},"modified":"2025-07-04T10:10:37","modified_gmt":"2025-07-04T08:10:37","slug":"domicile","status":"publish","type":"page","link":"https:\/\/panneauxversailles.com\/fr\/","title":{"rendered":"Accueil"},"content":{"rendered":"<div data-elementor-type=\"wp-page\" data-elementor-id=\"2\" class=\"elementor elementor-2\" data-elementor-post-type=\"page\">\n\t\t\t\t<div class=\"elementor-element elementor-element-eeb125e e-con-full e-flex e-con e-parent\" data-id=\"eeb125e\" data-element_type=\"container\" data-e-type=\"container\" data-settings=\"{&quot;background_background&quot;:&quot;classic&quot;}\">\n\t\t<div class=\"elementor-element elementor-element-d4f47db e-con-full e-flex e-con e-child\" data-id=\"d4f47db\" data-element_type=\"container\" data-e-type=\"container\" data-settings=\"{&quot;background_background&quot;:&quot;classic&quot;}\">\n\t\t\t\t<div class=\"elementor-element elementor-element-d4e195c elementor-widget elementor-widget-image\" data-id=\"d4e195c\" data-element_type=\"widget\" data-e-type=\"widget\" data-widget_type=\"image.default\">\n\t\t\t\t<div class=\"elementor-widget-container\">\n\t\t\t\t\t\t\t\t\t\t\t\t\t\t\t<img fetchpriority=\"high\" decoding=\"async\" width=\"888\" height=\"281\" src=\"https:\/\/panneauxversailles.com\/wp-content\/uploads\/logo_handmade_nl-removebg-preview.png\" class=\"attachment-large size-large wp-image-209\" alt=\",\" srcset=\"https:\/\/panneauxversailles.com\/wp-content\/uploads\/logo_handmade_nl-removebg-preview.png 888w, https:\/\/panneauxversailles.com\/wp-content\/uploads\/logo_handmade_nl-removebg-preview-225x71.png 225w, https:\/\/panneauxversailles.com\/wp-content\/uploads\/logo_handmade_nl-removebg-preview-768x243.png 768w\" sizes=\"(max-width: 888px) 100vw, 888px\" title=\"\">\t\t\t\t\t\t\t\t\t\t\t\t\t\t\t<\/div>\n\t\t\t\t<\/div>\n\t\t\t\t<div class=\"elementor-element elementor-element-836e617 elementor-widget elementor-widget-heading\" data-id=\"836e617\" data-element_type=\"widget\" data-e-type=\"widget\" data-widget_type=\"heading.default\">\n\t\t\t\t<div class=\"elementor-widget-container\">\n\t\t\t\t\t<h2 class=\"elementor-heading-title elementor-size-default\">Parquet Versailles<\/h2>\t\t\t\t<\/div>\n\t\t\t\t<\/div>\n\t\t\t\t<div class=\"elementor-element elementor-element-c8a32b7 elementor-widget elementor-widget-button\" data-id=\"c8a32b7\" data-element_type=\"widget\" data-e-type=\"widget\" data-widget_type=\"button.default\">\n\t\t\t\t<div class=\"elementor-widget-container\">\n\t\t\t\t\t\t\t\t\t<div class=\"elementor-button-wrapper\">\n\t\t\t\t\t<a class=\"elementor-button elementor-button-link elementor-size-sm elementor-animation-grow\" href=\"#scroll\">\n\t\t\t\t\t\t<span class=\"elementor-button-content-wrapper\">\n\t\t\t\t\t\t\t\t\t<span class=\"elementor-button-text\">En savoir plus<\/span>\n\t\t\t\t\t<\/span>\n\t\t\t\t\t<\/a>\n\t\t\t\t<\/div>\n\t\t\t\t\t\t\t\t<\/div>\n\t\t\t\t<\/div>\n\t\t\t\t<\/div>\n\t\t\t\t<\/div>\n\t\t<div class=\"elementor-element elementor-element-569bbb5 e-con-full e-flex e-con e-parent\" data-id=\"569bbb5\" data-element_type=\"container\" data-e-type=\"container\" id=\"scroll\" data-settings=\"{&quot;background_background&quot;:&quot;classic&quot;}\">\n\t\t<div class=\"elementor-element elementor-element-8394784 e-con-full e-flex e-con e-child\" data-id=\"8394784\" data-element_type=\"container\" data-e-type=\"container\">\n\t\t\t\t<div class=\"elementor-element elementor-element-eb51dbd elementor-widget elementor-widget-heading\" data-id=\"eb51dbd\" data-element_type=\"widget\" data-e-type=\"widget\" data-widget_type=\"heading.default\">\n\t\t\t\t<div class=\"elementor-widget-container\">\n\t\t\t\t\t<h2 class=\"elementor-heading-title elementor-size-default\">Donnez du caract\u00e8re \u00e0 votre int\u00e9rieur avec un parquet unique ? <\/h2>\t\t\t\t<\/div>\n\t\t\t\t<\/div>\n\t\t\t\t<div class=\"elementor-element elementor-element-1187afc elementor-widget elementor-widget-text-editor\" data-id=\"1187afc\" data-element_type=\"widget\" data-e-type=\"widget\" data-widget_type=\"text-editor.default\">\n\t\t\t\t<div class=\"elementor-widget-container\">\n\t\t\t\t\t\t\t\t\t<p><strong>Parquet Versailles est sp\u00e9cialis\u00e9 dans la fabrication de parquets \u00e0 panneaux authentiques en ch\u00eane fran\u00e7ais durable.<\/strong><\/p><p>Dans notre atelier en Belgique, nous cr\u00e9ons des panneaux de parquet rustiques avec un haut niveau de d\u00e9tail et de qualit\u00e9, soigneusement assembl\u00e9s pi\u00e8ce par pi\u00e8ce. Nous le faisons \u00e0 la main, et surtout avec une profonde passion pour le travail du bois et la d\u00e9coration d'int\u00e9rieur. R\u00e9sultat : un parquet sur mesure dont vous profiterez pendant des g\u00e9n\u00e9rations.<\/p>\t\t\t\t\t\t\t\t<\/div>\n\t\t\t\t<\/div>\n\t\t\t\t<div class=\"elementor-element elementor-element-44e5001 elementor-widget elementor-widget-button\" data-id=\"44e5001\" data-element_type=\"widget\" data-e-type=\"widget\" data-widget_type=\"button.default\">\n\t\t\t\t<div class=\"elementor-widget-container\">\n\t\t\t\t\t\t\t\t\t<div class=\"elementor-button-wrapper\">\n\t\t\t\t\t<a class=\"elementor-button elementor-button-link elementor-size-sm elementor-animation-grow\" href=\"https:\/\/panneauxversailles.com\/fr\/e-shop\/\">\n\t\t\t\t\t\t<span class=\"elementor-button-content-wrapper\">\n\t\t\t\t\t\t\t\t\t<span class=\"elementor-button-text\">Vers la boutique en ligne <\/span>\n\t\t\t\t\t<\/span>\n\t\t\t\t\t<\/a>\n\t\t\t\t<\/div>\n\t\t\t\t\t\t\t\t<\/div>\n\t\t\t\t<\/div>\n\t\t\t\t<\/div>\n\t\t<div class=\"elementor-element elementor-element-fe54fe5 e-con-full e-flex e-con e-child\" data-id=\"fe54fe5\" data-element_type=\"container\" data-e-type=\"container\" data-settings=\"{&quot;background_background&quot;:&quot;classic&quot;}\">\n\t\t\t\t<\/div>\n\t\t\t\t<\/div>\n\t\t<div class=\"elementor-element elementor-element-d17a6ad e-con-full e-flex e-con e-parent\" data-id=\"d17a6ad\" data-element_type=\"container\" data-e-type=\"container\" data-settings=\"{&quot;background_background&quot;:&quot;classic&quot;}\">\n\t\t\t\t<div class=\"elementor-element elementor-element-b4c1de1 elementor-widget elementor-widget-heading\" data-id=\"b4c1de1\" data-element_type=\"widget\" data-e-type=\"widget\" data-widget_type=\"heading.default\">\n\t\t\t\t<div class=\"elementor-widget-container\">\n\t\t\t\t\t<h2 class=\"elementor-heading-title elementor-size-default\">Le parquet en ch\u00eane r\u00e9pond \u00e0 vos exigences en mati\u00e8re d'habitat ? <\/h2>\t\t\t\t<\/div>\n\t\t\t\t<\/div>\n\t\t\t\t<div class=\"elementor-element elementor-element-11a44d2 elementor-widget elementor-widget-button\" data-id=\"11a44d2\" data-element_type=\"widget\" data-e-type=\"widget\" data-widget_type=\"button.default\">\n\t\t\t\t<div class=\"elementor-widget-container\">\n\t\t\t\t\t\t\t\t\t<div class=\"elementor-button-wrapper\">\n\t\t\t\t\t<a class=\"elementor-button elementor-button-link elementor-size-sm elementor-animation-grow\" href=\"https:\/\/panneauxversailles.com\/fr\/e-shop\/\">\n\t\t\t\t\t\t<span class=\"elementor-button-content-wrapper\">\n\t\t\t\t\t\t\t\t\t<span class=\"elementor-button-text\">Vers la boutique en ligne <\/span>\n\t\t\t\t\t<\/span>\n\t\t\t\t\t<\/a>\n\t\t\t\t<\/div>\n\t\t\t\t\t\t\t\t<\/div>\n\t\t\t\t<\/div>\n\t\t\t\t<div class=\"elementor-element elementor-element-86a4d29 elementor-grid-3 elementor-grid-mobile-1 elementor-grid-tablet-3 elementor-products-grid elementor-wc-products elementor-widget elementor-widget-wc-categories\" data-id=\"86a4d29\" data-element_type=\"widget\" data-e-type=\"widget\" data-widget_type=\"wc-categories.default\">\n\t\t\t\t<div class=\"elementor-widget-container\">\n\t\t\t\t\t<div class=\"woocommerce columns-3\">\t\t<ul class=\"products elementor-grid columns-3 tablet-columns-2 mobile-columns-1\">\n\t\t<li class=\"product-category product first\">\n\t<a aria-label=\"Acc\u00e9der \u00e0 la cat\u00e9gorie de produits Massieve Panelen\" href=\"https:\/\/panneauxversailles.com\/fr\/categorie-produit\/massieve-panelen\/\" data-no-translation-aria-label=\"\"><img decoding=\"async\" src=\"https:\/\/panneauxversailles.com\/wp-content\/uploads\/1780158531.jpg\" alt=\"Panneaux pleins\" width=\"225\" height=\"225\" srcset=\"https:\/\/panneauxversailles.com\/wp-content\/uploads\/1780158531.jpg 225w, https:\/\/panneauxversailles.com\/wp-content\/uploads\/1780158531-100x100.jpg 100w\" sizes=\"(max-width: 225px) 100vw, 225px\" title=\"\">\t\t<h2 class=\"woocommerce-loop-category__title\">\n\t\t\tPanneaux pleins <mark class=\"count\">(8)<\/mark>\t\t<\/h2>\n\t\t<\/a><\/li>\n<li class=\"product-category product\">\n\t<a aria-label=\"Acc\u00e9der \u00e0 la cat\u00e9gorie de produits Samengestelde Panelen\" href=\"https:\/\/panneauxversailles.com\/fr\/categorie-produit\/samengestelde-panelen\/\" data-no-translation-aria-label=\"\"><img decoding=\"async\" src=\"https:\/\/panneauxversailles.com\/wp-content\/uploads\/1780237515.jpg\" alt=\"Panneaux composites\" width=\"225\" height=\"225\" srcset=\"https:\/\/panneauxversailles.com\/wp-content\/uploads\/1780237515.jpg 225w, https:\/\/panneauxversailles.com\/wp-content\/uploads\/1780237515-100x100.jpg 100w\" sizes=\"(max-width: 225px) 100vw, 225px\" title=\"\">\t\t<h2 class=\"woocommerce-loop-category__title\">\n\t\t\tPanneaux composites <mark class=\"count\">(10)<\/mark>\t\t<\/h2>\n\t\t<\/a><\/li>\n<li class=\"product-category product last\">\n\t<a aria-label=\"Acc\u00e9der \u00e0 la cat\u00e9gorie de produits Overige\" href=\"https:\/\/panneauxversailles.com\/fr\/categorie-produit\/woverige\/\" data-no-translation-aria-label=\"\"><img loading=\"lazy\" decoding=\"async\" src=\"https:\/\/panneauxversailles.com\/wp-content\/uploads\/1800701313-225x225.jpg\" alt=\"Autres\" width=\"225\" height=\"225\" srcset=\"https:\/\/panneauxversailles.com\/wp-content\/uploads\/1800701313-225x225.jpg 225w, https:\/\/panneauxversailles.com\/wp-content\/uploads\/1800701313-100x100.jpg 100w, https:\/\/panneauxversailles.com\/wp-content\/uploads\/1800701313.jpg 320w\" sizes=\"(max-width: 225px) 100vw, 225px\" title=\"\">\t\t<h2 class=\"woocommerce-loop-category__title\">\n\t\t\tAutres <mark class=\"count\">(11)<\/mark>\t\t<\/h2>\n\t\t<\/a><\/li>\n<\/ul>\n<\/div>\t\t\t\t<\/div>\n\t\t\t\t<\/div>\n\t\t\t\t<\/div>\n\t\t<div class=\"elementor-element elementor-element-9e01468 e-con-full e-flex e-con e-parent\" data-id=\"9e01468\" data-element_type=\"container\" data-e-type=\"container\" data-settings=\"{&quot;background_background&quot;:&quot;classic&quot;}\">\n\t\t<div class=\"elementor-element elementor-element-25ce969 e-con-full e-flex e-con e-child\" data-id=\"25ce969\" data-element_type=\"container\" data-e-type=\"container\" data-settings=\"{&quot;background_background&quot;:&quot;classic&quot;}\">\n\t\t\t\t<\/div>\n\t\t<div class=\"elementor-element elementor-element-aedd4cc e-con-full e-flex e-con e-child\" data-id=\"aedd4cc\" data-element_type=\"container\" data-e-type=\"container\">\n\t\t\t\t<div class=\"elementor-element elementor-element-43cc90e elementor-widget elementor-widget-heading\" data-id=\"43cc90e\" data-element_type=\"widget\" data-e-type=\"widget\" data-widget_type=\"heading.default\">\n\t\t\t\t<div class=\"elementor-widget-container\">\n\t\t\t\t\t<h2 class=\"elementor-heading-title elementor-size-default\">Le Parquet Versailles allie la commodit\u00e9 d'une boutique en ligne \u00e0 un service personnalis\u00e9 et orient\u00e9 vers le client.<\/h2>\t\t\t\t<\/div>\n\t\t\t\t<\/div>\n\t\t\t\t<div class=\"elementor-element elementor-element-2cd10d8 elementor-widget elementor-widget-text-editor\" data-id=\"2cd10d8\" data-element_type=\"widget\" data-e-type=\"widget\" data-widget_type=\"text-editor.default\">\n\t\t\t\t<div class=\"elementor-widget-container\">\n\t\t\t\t\t\t\t\t\t<p><strong>L'estimation de votre surface au sol, une simulation 3D en fonction de votre pi\u00e8ce, des conseils sur le niveau de d\u00e9tail de votre panneau de parquet, ...<\/strong> Nos experts produits se feront un plaisir de vous guider tout au long du processus d'achat et de vous faire profiter de leur exp\u00e9rience. Vous souhaitez d\u00e9couvrir par vous-m\u00eame les motifs, les contrastes et les structures de bois de notre boutique en ligne ? N'h\u00e9sitez pas \u00e0 prendre rendez-vous dans notre entrep\u00f4t de Lokeren, nos experts se feront un plaisir de vous pr\u00e9senter la vaste gamme de panneaux de parquet.<\/p>\t\t\t\t\t\t\t\t<\/div>\n\t\t\t\t<\/div>\n\t\t\t\t<div class=\"elementor-element elementor-element-8852ab6 elementor-widget elementor-widget-button\" data-id=\"8852ab6\" data-element_type=\"widget\" data-e-type=\"widget\" data-widget_type=\"button.default\">\n\t\t\t\t<div class=\"elementor-widget-container\">\n\t\t\t\t\t\t\t\t\t<div class=\"elementor-button-wrapper\">\n\t\t\t\t\t<a class=\"elementor-button elementor-button-link elementor-size-sm elementor-animation-grow\" href=\"https:\/\/panneauxversailles.com\/fr\/contact\/\">\n\t\t\t\t\t\t<span class=\"elementor-button-content-wrapper\">\n\t\t\t\t\t\t\t\t\t<span class=\"elementor-button-text\">Prendre contact<\/span>\n\t\t\t\t\t<\/span>\n\t\t\t\t\t<\/a>\n\t\t\t\t<\/div>\n\t\t\t\t\t\t\t\t<\/div>\n\t\t\t\t<\/div>\n\t\t\t\t<\/div>\n\t\t\t\t<\/div>\n\t\t\t\t<\/div>","protected":false},"excerpt":{"rendered":"<p>Parquet Versailles En savoir plus Donnez du caract\u00e8re \u00e0 votre int\u00e9rieur avec un parquet unique ? Parquet Versailles est sp\u00e9cialis\u00e9 dans les parquets \u00e0 panneaux authentiques fabriqu\u00e9s...<\/p>","protected":false},"author":1,"featured_media":0,"parent":0,"menu_order":0,"comment_status":"closed","ping_status":"closed","template":"","meta":{"footnotes":""},"class_list":["post-2","page","type-page","status-publish","hentry"],"_links":{"self":[{"href":"https:\/\/panneauxversailles.com\/fr\/wp-json\/wp\/v2\/pages\/2","targetHints":{"allow":["GET"]}}],"collection":[{"href":"https:\/\/panneauxversailles.com\/fr\/wp-json\/wp\/v2\/pages"}],"about":[{"href":"https:\/\/panneauxversailles.com\/fr\/wp-json\/wp\/v2\/types\/page"}],"author":[{"embeddable":true,"href":"https:\/\/panneauxversailles.com\/fr\/wp-json\/wp\/v2\/users\/1"}],"replies":[{"embeddable":true,"href":"https:\/\/panneauxversailles.com\/fr\/wp-json\/wp\/v2\/comments?post=2"}],"version-history":[{"count":125,"href":"https:\/\/panneauxversailles.com\/fr\/wp-json\/wp\/v2\/pages\/2\/revisions"}],"predecessor-version":[{"id":1291,"href":"https:\/\/panneauxversailles.com\/fr\/wp-json\/wp\/v2\/pages\/2\/revisions\/1291"}],"wp:attachment":[{"href":"https:\/\/panneauxversailles.com\/fr\/wp-json\/wp\/v2\/media?parent=2"}],"curies":[{"name":"wp","href":"https:\/\/api.w.org\/{rel}","templated":true}]}}